{"id":136,"date":"2020-11-10T11:21:38","date_gmt":"2020-11-10T11:21:38","guid":{"rendered":"https:\/\/autoguest.pineapple.is\/?page_id=136"},"modified":"2023-09-16T17:51:53","modified_gmt":"2023-09-16T17:51:53","slug":"nightshift-surveillance","status":"publish","type":"page","link":"https:\/\/autoguest.is\/?page_id=136","title":{"rendered":"Nightshift \/ surveillance"},"content":{"rendered":"\t\t<div data-elementor-type=\"wp-page\" data-elementor-id=\"136\" class=\"elementor elementor-136\" data-elementor-post-type=\"page\">\n\t\t\t\t\t\t<section class=\"elementor-section elementor-top-section elementor-element elementor-element-14802be3 elementor-section-boxed elementor-section-height-default elementor-section-height-default\" data-id=\"14802be3\" data-element_type=\"section\" data-settings=\"{&quot;background_background&quot;:&quot;classic&quot;}\">\n\t\t\t\t\t\t<div class=\"elementor-container elementor-column-gap-default\">\n\t\t\t\t\t<div class=\"elementor-column elementor-col-100 elementor-top-column elementor-element elementor-element-7cf6b03\" data-id=\"7cf6b03\" data-element_type=\"column\">\n\t\t\t<div class=\"elementor-widget-wrap\">\n\t\t\t\t\t\t\t<\/div>\n\t\t<\/div>\n\t\t\t\t\t<\/div>\n\t\t<\/section>\n\t\t\t\t<section class=\"elementor-section elementor-top-section elementor-element elementor-element-44ef01db elementor-section-boxed elementor-section-height-default elementor-section-height-default\" data-id=\"44ef01db\" data-element_type=\"section\">\n\t\t\t\t\t\t<div class=\"elementor-container elementor-column-gap-default\">\n\t\t\t\t\t<div class=\"elementor-column elementor-col-50 elementor-top-column elementor-element elementor-element-211210d4\" data-id=\"211210d4\" data-element_type=\"column\">\n\t\t\t<div class=\"elementor-widget-wrap elementor-element-populated\">\n\t\t\t\t\t\t<div class=\"elementor-element elementor-element-4f7bf9e elementor-widget elementor-widget-heading\" data-id=\"4f7bf9e\" data-element_type=\"widget\" data-widget_type=\"heading.default\">\n\t\t\t\t<div class=\"elementor-widget-container\">\n\t\t\t\t\t<h6 class=\"elementor-heading-title elementor-size-default\">N\u00c6TURVARSLA<\/h6>\t\t\t\t<\/div>\n\t\t\t\t<\/div>\n\t\t\t\t<div class=\"elementor-element elementor-element-4acee092 elementor-view-stacked elementor-position-left elementor-vertical-align-middle elementor-shape-circle elementor-mobile-position-top elementor-widget elementor-widget-icon-box\" data-id=\"4acee092\" data-element_type=\"widget\" data-widget_type=\"icon-box.default\">\n\t\t\t\t<div class=\"elementor-widget-container\">\n\t\t\t\t\t\t\t<div class=\"elementor-icon-box-wrapper\">\n\n\t\t\t\t\t\t<div class=\"elementor-icon-box-icon\">\n\t\t\t\t<span  class=\"elementor-icon\">\n\t\t\t\t<i aria-hidden=\"true\" class=\"icon icon-camera-video\"><\/i>\t\t\t\t<\/span>\n\t\t\t<\/div>\n\t\t\t\n\t\t\t\t\t\t<div class=\"elementor-icon-box-content\">\n\n\t\t\t\t\n\t\t\t\t\t\t\t\t\t<p class=\"elementor-icon-box-description\">\n\t\t\t\t\t\tVi\u00f0 t\u00f6kum a\u00f0 okkur n\u00e6turv\u00f6rslu fyrir h\u00f3tel og gistista\u00f0i og sj\u00e1um a\u00f0 auki um s\u00edmsv\u00f6run, t\u00f6lvup\u00f3stsamskipti og fleira sem sn\u00fdr a\u00f0 \u00fej\u00f3nustu vi\u00f0 gesti.\t\t\t\t\t<\/p>\n\t\t\t\t\n\t\t\t<\/div>\n\t\t\t\n\t\t<\/div>\n\t\t\t\t\t\t<\/div>\n\t\t\t\t<\/div>\n\t\t\t\t<div class=\"elementor-element elementor-element-6cc123c elementor-widget elementor-widget-text-editor\" data-id=\"6cc123c\" data-element_type=\"widget\" data-widget_type=\"text-editor.default\">\n\t\t\t\t<div class=\"elementor-widget-container\">\n\t\t\t\t\t\t\t\t\t<p>Vi\u00f0 stillum ver\u00f0lagningunni \u00ed h\u00f3f og n\u00fdtum t\u00e6knina til a\u00f0 geta veitt g\u00f3\u00f0a \u00fej\u00f3nustu \u00e1 hagst\u00e6\u00f0u ver\u00f0i.<\/p>\t\t\t\t\t\t\t\t<\/div>\n\t\t\t\t<\/div>\n\t\t\t\t<div class=\"elementor-element elementor-element-ed6e7d8 elementor-mobile-align-center elementor-widget elementor-widget-button\" data-id=\"ed6e7d8\" data-element_type=\"widget\" data-widget_type=\"button.default\">\n\t\t\t\t<div class=\"elementor-widget-container\">\n\t\t\t\t\t\t\t\t\t<div class=\"elementor-button-wrapper\">\n\t\t\t\t\t<a class=\"elementor-button elementor-button-link elementor-size-sm\" href=\"#elementor-action%3Aaction%3Dpopup%3Aopen%26settings%3DeyJpZCI6IjMxNiIsInRvZ2dsZSI6ZmFsc2V9\">\n\t\t\t\t\t\t<span class=\"elementor-button-content-wrapper\">\n\t\t\t\t\t\t\t\t\t<span class=\"elementor-button-text\">Meiri uppl\u00fdsingar<\/span>\n\t\t\t\t\t<\/span>\n\t\t\t\t\t<\/a>\n\t\t\t\t<\/div>\n\t\t\t\t\t\t\t\t<\/div>\n\t\t\t\t<\/div>\n\t\t\t\t\t<\/div>\n\t\t<\/div>\n\t\t\t\t<div class=\"elementor-column elementor-col-50 elementor-top-column elementor-element elementor-element-7169d3f0\" data-id=\"7169d3f0\" data-element_type=\"column\">\n\t\t\t<div class=\"elementor-widget-wrap elementor-element-populated\">\n\t\t\t\t\t\t<div class=\"elementor-element elementor-element-2fa99a36 animated-slow elementor-invisible elementor-widget elementor-widget-image\" data-id=\"2fa99a36\" data-element_type=\"widget\" data-settings=\"{&quot;_animation&quot;:&quot;fadeIn&quot;}\" data-widget_type=\"image.default\">\n\t\t\t\t<div class=\"elementor-widget-container\">\n\t\t\t\t\t\t\t\t\t\t\t\t\t\t\t<img decoding=\"async\" src=\"https:\/\/autoguest.is\/wp-content\/uploads\/elementor\/thumbs\/security-camera-P3NLTF5-scaled-qc96oonqearemp4i6ci0079yx65jgkrj9nqikypetc.jpg\" title=\"Security camera\" alt=\"Security camera on dark modern building\" loading=\"lazy\" \/>\t\t\t\t\t\t\t\t\t\t\t\t\t\t\t<\/div>\n\t\t\t\t<\/div>\n\t\t\t\t<div class=\"elementor-element elementor-element-6062f8d5 elementor-absolute animated-slow elementor-widget-tablet__width-auto elementor-widget__width-auto elementor-invisible elementor-widget elementor-widget-image\" data-id=\"6062f8d5\" data-element_type=\"widget\" data-settings=\"{&quot;_position&quot;:&quot;absolute&quot;,&quot;_animation&quot;:&quot;fadeIn&quot;,&quot;_animation_delay&quot;:1000}\" data-widget_type=\"image.default\">\n\t\t\t\t<div class=\"elementor-widget-container\">\n\t\t\t\t\t\t\t\t\t\t\t\t\t\t\t<img decoding=\"async\" src=\"https:\/\/autoguest.is\/wp-content\/uploads\/elementor\/thumbs\/dots-qc96nz9x6huhv7cp7z782hgpp2khdyw6r76jvhcxbs.png\" title=\"dots.png\" alt=\"dots.png\" loading=\"lazy\" \/>\t\t\t\t\t\t\t\t\t\t\t\t\t\t\t<\/div>\n\t\t\t\t<\/div>\n\t\t\t\t\t<\/div>\n\t\t<\/div>\n\t\t\t\t\t<\/div>\n\t\t<\/section>\n\t\t\t\t<section class=\"elementor-section elementor-top-section elementor-element elementor-element-f7d4f03 elementor-section-boxed elementor-section-height-default elementor-section-height-default\" data-id=\"f7d4f03\" data-element_type=\"section\">\n\t\t\t\t\t\t<div class=\"elementor-container elementor-column-gap-default\">\n\t\t\t\t\t<div class=\"elementor-column elementor-col-100 elementor-top-column elementor-element elementor-element-a928773\" data-id=\"a928773\" data-element_type=\"column\">\n\t\t\t<div class=\"elementor-widget-wrap elementor-element-populated\">\n\t\t\t\t\t\t<div class=\"elementor-element elementor-element-e577b92 elementor-widget elementor-widget-button\" data-id=\"e577b92\" data-element_type=\"widget\" data-widget_type=\"button.default\">\n\t\t\t\t<div class=\"elementor-widget-container\">\n\t\t\t\t\t\t\t\t\t<div class=\"elementor-button-wrapper\">\n\t\t\t\t\t<a class=\"elementor-button elementor-button-link elementor-size-sm\" href=\"https:\/\/smartcam.is%20\">\n\t\t\t\t\t\t<span class=\"elementor-button-content-wrapper\">\n\t\t\t\t\t\t\t\t\t<span class=\"elementor-button-text\">Click here<\/span>\n\t\t\t\t\t<\/span>\n\t\t\t\t\t<\/a>\n\t\t\t\t<\/div>\n\t\t\t\t\t\t\t\t<\/div>\n\t\t\t\t<\/div>\n\t\t\t\t\t<\/div>\n\t\t<\/div>\n\t\t\t\t\t<\/div>\n\t\t<\/section>\n\t\t\t\t<\/div>\n\t\t","protected":false},"excerpt":{"rendered":"<p>N\u00c6TURVARSLA Vi\u00f0 t\u00f6kum a\u00f0 okkur n\u00e6turv\u00f6rslu fyrir h\u00f3tel og gistista\u00f0i og sj\u00e1um a\u00f0 auki um s\u00edmsv\u00f6run, t\u00f6lvup\u00f3stsamskipti og fleira sem sn\u00fdr a\u00f0 \u00fej\u00f3nustu vi\u00f0 gesti. Vi\u00f0 stillum ver\u00f0lagningunni \u00ed h\u00f3f og n\u00fdtum t\u00e6knina til a\u00f0 geta veitt g\u00f3\u00f0a \u00fej\u00f3nustu \u00e1 hagst\u00e6\u00f0u ver\u00f0i. Meiri uppl\u00fdsingar Click here<\/p>\n","protected":false},"author":1,"featured_media":0,"parent":0,"menu_order":0,"comment_status":"closed","ping_status":"closed","template":"elementor_header_footer","meta":{"footnotes":""},"_links":{"self":[{"href":"https:\/\/autoguest.is\/index.php?rest_route=\/wp\/v2\/pages\/136"}],"collection":[{"href":"https:\/\/autoguest.is\/index.php?rest_route=\/wp\/v2\/pages"}],"about":[{"href":"https:\/\/autoguest.is\/index.php?rest_route=\/wp\/v2\/types\/page"}],"author":[{"embeddable":true,"href":"https:\/\/autoguest.is\/index.php?rest_route=\/wp\/v2\/users\/1"}],"replies":[{"embeddable":true,"href":"https:\/\/autoguest.is\/index.php?rest_route=%2Fwp%2Fv2%2Fcomments&post=136"}],"version-history":[{"count":26,"href":"https:\/\/autoguest.is\/index.php?rest_route=\/wp\/v2\/pages\/136\/revisions"}],"predecessor-version":[{"id":404,"href":"https:\/\/autoguest.is\/index.php?rest_route=\/wp\/v2\/pages\/136\/revisions\/404"}],"wp:attachment":[{"href":"https:\/\/autoguest.is\/index.php?rest_route=%2Fwp%2Fv2%2Fmedia&parent=136"}],"curies":[{"name":"wp","href":"https:\/\/api.w.org\/{rel}","templated":true}]}}