{"id":125,"date":"2020-11-10T11:05:52","date_gmt":"2020-11-10T11:05:52","guid":{"rendered":"https:\/\/autoguest.pineapple.is\/?page_id=125"},"modified":"2020-11-10T18:17:57","modified_gmt":"2020-11-10T18:17:57","slug":"chatbot","status":"publish","type":"page","link":"https:\/\/autoguest.is\/?page_id=125","title":{"rendered":"Chatbot"},"content":{"rendered":"\t\t<div data-elementor-type=\"wp-page\" data-elementor-id=\"125\" class=\"elementor elementor-125\" data-elementor-post-type=\"page\">\n\t\t\t\t\t\t<section class=\"elementor-section elementor-top-section elementor-element elementor-element-49c05e72 elementor-section-boxed elementor-section-height-default elementor-section-height-default\" data-id=\"49c05e72\" data-element_type=\"section\" data-settings=\"{&quot;background_background&quot;:&quot;classic&quot;}\">\n\t\t\t\t\t\t<div class=\"elementor-container elementor-column-gap-default\">\n\t\t\t\t\t<div class=\"elementor-column elementor-col-100 elementor-top-column elementor-element elementor-element-1ded12b4\" data-id=\"1ded12b4\" data-element_type=\"column\">\n\t\t\t<div class=\"elementor-widget-wrap\">\n\t\t\t\t\t\t\t<\/div>\n\t\t<\/div>\n\t\t\t\t\t<\/div>\n\t\t<\/section>\n\t\t\t\t<section class=\"elementor-section elementor-top-section elementor-element elementor-element-1241ec19 elementor-section-boxed elementor-section-height-default elementor-section-height-default\" data-id=\"1241ec19\" data-element_type=\"section\">\n\t\t\t\t\t\t<div class=\"elementor-container elementor-column-gap-default\">\n\t\t\t\t\t<div class=\"elementor-column elementor-col-50 elementor-top-column elementor-element elementor-element-19bef702\" data-id=\"19bef702\" data-element_type=\"column\">\n\t\t\t<div class=\"elementor-widget-wrap elementor-element-populated\">\n\t\t\t\t\t\t<div class=\"elementor-element elementor-element-5b2efbb1 elementor-widget elementor-widget-heading\" data-id=\"5b2efbb1\" data-element_type=\"widget\" data-widget_type=\"heading.default\">\n\t\t\t\t<div class=\"elementor-widget-container\">\n\t\t\t\t\t<h6 class=\"elementor-heading-title elementor-size-default\">Spjallmenni - Chatbot<\/h6>\t\t\t\t<\/div>\n\t\t\t\t<\/div>\n\t\t\t\t<div class=\"elementor-element elementor-element-e8a49f5 elementor-view-stacked elementor-position-left elementor-vertical-align-middle elementor-shape-circle elementor-mobile-position-top elementor-widget elementor-widget-icon-box\" data-id=\"e8a49f5\" data-element_type=\"widget\" data-widget_type=\"icon-box.default\">\n\t\t\t\t<div class=\"elementor-widget-container\">\n\t\t\t\t\t\t\t<div class=\"elementor-icon-box-wrapper\">\n\n\t\t\t\t\t\t<div class=\"elementor-icon-box-icon\">\n\t\t\t\t<span  class=\"elementor-icon\">\n\t\t\t\t<i aria-hidden=\"true\" class=\"fas fa-robot\"><\/i>\t\t\t\t<\/span>\n\t\t\t<\/div>\n\t\t\t\n\t\t\t\t\t\t<div class=\"elementor-icon-box-content\">\n\n\t\t\t\t\n\t\t\t\t\t\t\t\t\t<p class=\"elementor-icon-box-description\">\n\t\t\t\t\t\tVi\u00f0 notumst vi\u00f0 s\u00e9rhanna\u00f0 spjallmenni, e\u00f0a chatbot, sem er sni\u00f0i\u00f0 a\u00f0 \u00fe\u00f6rfum h\u00f3tela og gistista\u00f0a. H\u00e6gt er a\u00f0 b\u00f3ka herbergi beint \u00ed gegnum spjallmenni\u00f0 og losna vi\u00f0 a\u00f0 grei\u00f0a s\u00e9rst\u00f6k \u00fej\u00f3nustugj\u00f6ld.\n\t\t\t\t\t<\/p>\n\t\t\t\t\n\t\t\t<\/div>\n\t\t\t\n\t\t<\/div>\n\t\t\t\t\t\t<\/div>\n\t\t\t\t<\/div>\n\t\t\t\t<div class=\"elementor-element elementor-element-1ce92c2 elementor-mobile-align-center elementor-widget elementor-widget-button\" data-id=\"1ce92c2\" data-element_type=\"widget\" data-widget_type=\"button.default\">\n\t\t\t\t<div class=\"elementor-widget-container\">\n\t\t\t\t\t\t\t\t\t<div class=\"elementor-button-wrapper\">\n\t\t\t\t\t<a class=\"elementor-button elementor-button-link elementor-size-sm\" href=\"#elementor-action%3Aaction%3Dpopup%3Aopen%26settings%3DeyJpZCI6IjMwOSIsInRvZ2dsZSI6ZmFsc2V9\">\n\t\t\t\t\t\t<span class=\"elementor-button-content-wrapper\">\n\t\t\t\t\t\t\t\t\t<span class=\"elementor-button-text\">MEIRI UPPL\u00ddSINGAR<\/span>\n\t\t\t\t\t<\/span>\n\t\t\t\t\t<\/a>\n\t\t\t\t<\/div>\n\t\t\t\t\t\t\t\t<\/div>\n\t\t\t\t<\/div>\n\t\t\t\t\t<\/div>\n\t\t<\/div>\n\t\t\t\t<div class=\"elementor-column elementor-col-50 elementor-top-column elementor-element elementor-element-7ad987dc\" data-id=\"7ad987dc\" data-element_type=\"column\">\n\t\t\t<div class=\"elementor-widget-wrap elementor-element-populated\">\n\t\t\t\t\t\t<div class=\"elementor-element elementor-element-19c40b1c animated-slow elementor-invisible elementor-widget elementor-widget-image\" data-id=\"19c40b1c\" data-element_type=\"widget\" data-settings=\"{&quot;_animation&quot;:&quot;fadeIn&quot;}\" data-widget_type=\"image.default\">\n\t\t\t\t<div class=\"elementor-widget-container\">\n\t\t\t\t\t\t\t\t\t\t\t\t\t\t\t<img decoding=\"async\" src=\"https:\/\/autoguest.is\/wp-content\/uploads\/elementor\/thumbs\/robots-working-with-laptop-5MSZ46K-scaled-qc96olu7tsnjnv8lmta4apzl50jfthgc99s254tlc0.jpg\" title=\"Robots working with laptop\" alt=\"Robots working with laptop. 3D illustration\" loading=\"lazy\" \/>\t\t\t\t\t\t\t\t\t\t\t\t\t\t\t<\/div>\n\t\t\t\t<\/div>\n\t\t\t\t<div class=\"elementor-element elementor-element-7cd204b5 elementor-absolute animated-slow elementor-widget-tablet__width-auto elementor-widget__width-auto elementor-invisible elementor-widget elementor-widget-image\" data-id=\"7cd204b5\" data-element_type=\"widget\" data-settings=\"{&quot;_position&quot;:&quot;absolute&quot;,&quot;_animation&quot;:&quot;fadeIn&quot;,&quot;_animation_delay&quot;:1000}\" data-widget_type=\"image.default\">\n\t\t\t\t<div class=\"elementor-widget-container\">\n\t\t\t\t\t\t\t\t\t\t\t\t\t\t\t<img decoding=\"async\" src=\"https:\/\/autoguest.is\/wp-content\/uploads\/elementor\/thumbs\/dots-qc96nz9x6huhv7cp7z782hgpp2khdyw6r76jvhcxbs.png\" title=\"dots.png\" alt=\"dots.png\" loading=\"lazy\" \/>\t\t\t\t\t\t\t\t\t\t\t\t\t\t\t<\/div>\n\t\t\t\t<\/div>\n\t\t\t\t\t<\/div>\n\t\t<\/div>\n\t\t\t\t\t<\/div>\n\t\t<\/section>\n\t\t\t\t<\/div>\n\t\t","protected":false},"excerpt":{"rendered":"<p>Spjallmenni &#8211; Chatbot Vi\u00f0 notumst vi\u00f0 s\u00e9rhanna\u00f0 spjallmenni, e\u00f0a chatbot, sem er sni\u00f0i\u00f0 a\u00f0 \u00fe\u00f6rfum h\u00f3tela og gistista\u00f0a. H\u00e6gt er a\u00f0 b\u00f3ka herbergi beint \u00ed gegnum spjallmenni\u00f0 og losna vi\u00f0 a\u00f0 grei\u00f0a s\u00e9rst\u00f6k \u00fej\u00f3nustugj\u00f6ld. MEIRI UPPL\u00ddSINGAR<\/p>\n","protected":false},"author":1,"featured_media":0,"parent":0,"menu_order":0,"comment_status":"closed","ping_status":"closed","template":"elementor_header_footer","meta":{"footnotes":""},"_links":{"self":[{"href":"https:\/\/autoguest.is\/index.php?rest_route=\/wp\/v2\/pages\/125"}],"collection":[{"href":"https:\/\/autoguest.is\/index.php?rest_route=\/wp\/v2\/pages"}],"about":[{"href":"https:\/\/autoguest.is\/index.php?rest_route=\/wp\/v2\/types\/page"}],"author":[{"embeddable":true,"href":"https:\/\/autoguest.is\/index.php?rest_route=\/wp\/v2\/users\/1"}],"replies":[{"embeddable":true,"href":"https:\/\/autoguest.is\/index.php?rest_route=%2Fwp%2Fv2%2Fcomments&post=125"}],"version-history":[{"count":26,"href":"https:\/\/autoguest.is\/index.php?rest_route=\/wp\/v2\/pages\/125\/revisions"}],"predecessor-version":[{"id":327,"href":"https:\/\/autoguest.is\/index.php?rest_route=\/wp\/v2\/pages\/125\/revisions\/327"}],"wp:attachment":[{"href":"https:\/\/autoguest.is\/index.php?rest_route=%2Fwp%2Fv2%2Fmedia&parent=125"}],"curies":[{"name":"wp","href":"https:\/\/api.w.org\/{rel}","templated":true}]}}