{"id":110,"date":"2020-11-09T14:47:13","date_gmt":"2020-11-09T14:47:13","guid":{"rendered":"https:\/\/autoguest.pineapple.is\/?page_id=110"},"modified":"2020-11-10T18:17:37","modified_gmt":"2020-11-10T18:17:37","slug":"self-check-in","status":"publish","type":"page","link":"https:\/\/autoguest.is\/?page_id=110","title":{"rendered":"Self-check in"},"content":{"rendered":"\t\t<div data-elementor-type=\"wp-page\" data-elementor-id=\"110\" class=\"elementor elementor-110\" data-elementor-post-type=\"page\">\n\t\t\t\t\t\t<section class=\"elementor-section elementor-top-section elementor-element elementor-element-4e2d079f elementor-section-boxed elementor-section-height-default elementor-section-height-default\" data-id=\"4e2d079f\" data-element_type=\"section\" data-settings=\"{&quot;background_background&quot;:&quot;classic&quot;}\">\n\t\t\t\t\t\t<div class=\"elementor-container elementor-column-gap-default\">\n\t\t\t\t\t<div class=\"elementor-column elementor-col-100 elementor-top-column elementor-element elementor-element-222d40a5\" data-id=\"222d40a5\" data-element_type=\"column\">\n\t\t\t<div class=\"elementor-widget-wrap\">\n\t\t\t\t\t\t\t<\/div>\n\t\t<\/div>\n\t\t\t\t\t<\/div>\n\t\t<\/section>\n\t\t\t\t<section class=\"elementor-section elementor-top-section elementor-element elementor-element-663123d elementor-section-boxed elementor-section-height-default elementor-section-height-default\" data-id=\"663123d\" data-element_type=\"section\">\n\t\t\t\t\t\t<div class=\"elementor-container elementor-column-gap-default\">\n\t\t\t\t\t<div class=\"elementor-column elementor-col-50 elementor-top-column elementor-element elementor-element-4c2189a0\" data-id=\"4c2189a0\" data-element_type=\"column\">\n\t\t\t<div class=\"elementor-widget-wrap elementor-element-populated\">\n\t\t\t\t\t\t<div class=\"elementor-element elementor-element-552b0ec3 elementor-widget elementor-widget-heading\" data-id=\"552b0ec3\" data-element_type=\"widget\" data-widget_type=\"heading.default\">\n\t\t\t\t<div class=\"elementor-widget-container\">\n\t\t\t\t\t<h6 class=\"elementor-heading-title elementor-size-default\">Sj\u00e1lfsinnritun<\/h6>\t\t\t\t<\/div>\n\t\t\t\t<\/div>\n\t\t\t\t<div class=\"elementor-element elementor-element-6b471599 elementor-view-stacked elementor-position-left elementor-vertical-align-middle elementor-shape-circle elementor-mobile-position-top elementor-widget elementor-widget-icon-box\" data-id=\"6b471599\" data-element_type=\"widget\" data-widget_type=\"icon-box.default\">\n\t\t\t\t<div class=\"elementor-widget-container\">\n\t\t\t\t\t\t\t<div class=\"elementor-icon-box-wrapper\">\n\n\t\t\t\t\t\t<div class=\"elementor-icon-box-icon\">\n\t\t\t\t<span  class=\"elementor-icon\">\n\t\t\t\t<i aria-hidden=\"true\" class=\"fas fa-check-square\"><\/i>\t\t\t\t<\/span>\n\t\t\t<\/div>\n\t\t\t\n\t\t\t\t\t\t<div class=\"elementor-icon-box-content\">\n\n\t\t\t\t\n\t\t\t\t\t\t\t\t\t<p class=\"elementor-icon-box-description\">\n\t\t\t\t\t\tVi\u00f0 bj\u00f3\u00f0um upp \u00e1 b\u00fana\u00f0 sem tryggir einf\u00f6ld og snertilaus samskipti \u00e1 milli gesta og gistista\u00f0a. B\u00fana\u00f0urinn tengist gestam\u00f3tt\u00f6ku og dyral\u00e6singum til a\u00f0 au\u00f0velda flj\u00f3tlega og \u00f6rugga innritun.\t\t\t\t\t<\/p>\n\t\t\t\t\n\t\t\t<\/div>\n\t\t\t\n\t\t<\/div>\n\t\t\t\t\t\t<\/div>\n\t\t\t\t<\/div>\n\t\t\t\t<div class=\"elementor-element elementor-element-4f993c0 elementor-widget elementor-widget-text-editor\" data-id=\"4f993c0\" data-element_type=\"widget\" data-widget_type=\"text-editor.default\">\n\t\t\t\t<div class=\"elementor-widget-container\">\n\t\t\t\t\t\t\t\t\t<p>\u00a0H\u00e6gt er a\u00f0 ganga fr\u00e1 \u00f6llu innritunarferlinu \u00ed gegnum s\u00edmann og \u00fea\u00f0 sparar t\u00edma og fyrirh\u00f6fn fyrir gesti og gistista\u00f0i.<\/p>\t\t\t\t\t\t\t\t<\/div>\n\t\t\t\t<\/div>\n\t\t\t\t<div class=\"elementor-element elementor-element-5e10629 elementor-mobile-align-center elementor-widget elementor-widget-button\" data-id=\"5e10629\" data-element_type=\"widget\" data-widget_type=\"button.default\">\n\t\t\t\t<div class=\"elementor-widget-container\">\n\t\t\t\t\t\t\t\t\t<div class=\"elementor-button-wrapper\">\n\t\t\t\t\t<a class=\"elementor-button elementor-button-link elementor-size-sm\" href=\"#elementor-action%3Aaction%3Dpopup%3Aopen%26settings%3DeyJpZCI6IjI2NCIsInRvZ2dsZSI6ZmFsc2V9\">\n\t\t\t\t\t\t<span class=\"elementor-button-content-wrapper\">\n\t\t\t\t\t\t\t\t\t<span class=\"elementor-button-text\">MEIRI UPPL\u00ddSINGAR<\/span>\n\t\t\t\t\t<\/span>\n\t\t\t\t\t<\/a>\n\t\t\t\t<\/div>\n\t\t\t\t\t\t\t\t<\/div>\n\t\t\t\t<\/div>\n\t\t\t\t\t<\/div>\n\t\t<\/div>\n\t\t\t\t<div class=\"elementor-column elementor-col-50 elementor-top-column elementor-element elementor-element-7d0f351f\" data-id=\"7d0f351f\" data-element_type=\"column\">\n\t\t\t<div class=\"elementor-widget-wrap elementor-element-populated\">\n\t\t\t\t\t\t<div class=\"elementor-element elementor-element-53c42d04 animated-slow elementor-invisible elementor-widget elementor-widget-image\" data-id=\"53c42d04\" data-element_type=\"widget\" data-settings=\"{&quot;_animation&quot;:&quot;fadeIn&quot;}\" data-widget_type=\"image.default\">\n\t\t\t\t<div class=\"elementor-widget-container\">\n\t\t\t\t\t\t\t\t\t\t\t\t\t\t\t<img fetchpriority=\"high\" decoding=\"async\" width=\"3412\" height=\"2268\" src=\"https:\/\/autoguest.is\/wp-content\/uploads\/2020\/11\/ipadautoguest2.png\" class=\"attachment-full size-full wp-image-121\" alt=\"\" srcset=\"https:\/\/autoguest.is\/wp-content\/uploads\/2020\/11\/ipadautoguest2.png 3412w, https:\/\/autoguest.is\/wp-content\/uploads\/2020\/11\/ipadautoguest2-300x199.png 300w, https:\/\/autoguest.is\/wp-content\/uploads\/2020\/11\/ipadautoguest2-1024x681.png 1024w, https:\/\/autoguest.is\/wp-content\/uploads\/2020\/11\/ipadautoguest2-768x510.png 768w, https:\/\/autoguest.is\/wp-content\/uploads\/2020\/11\/ipadautoguest2-1536x1021.png 1536w, https:\/\/autoguest.is\/wp-content\/uploads\/2020\/11\/ipadautoguest2-2048x1361.png 2048w, https:\/\/autoguest.is\/wp-content\/uploads\/2020\/11\/ipadautoguest2-1200x798.png 1200w, https:\/\/autoguest.is\/wp-content\/uploads\/2020\/11\/ipadautoguest2-1980x1316.png 1980w\" sizes=\"(max-width: 3412px) 100vw, 3412px\" \/>\t\t\t\t\t\t\t\t\t\t\t\t\t\t\t<\/div>\n\t\t\t\t<\/div>\n\t\t\t\t<div class=\"elementor-element elementor-element-3c99f197 elementor-absolute animated-slow elementor-widget-tablet__width-auto elementor-widget__width-auto elementor-invisible elementor-widget elementor-widget-image\" data-id=\"3c99f197\" data-element_type=\"widget\" data-settings=\"{&quot;_position&quot;:&quot;absolute&quot;,&quot;_animation&quot;:&quot;fadeIn&quot;,&quot;_animation_delay&quot;:1000}\" data-widget_type=\"image.default\">\n\t\t\t\t<div class=\"elementor-widget-container\">\n\t\t\t\t\t\t\t\t\t\t\t\t\t\t\t<img decoding=\"async\" src=\"https:\/\/autoguest.is\/wp-content\/uploads\/elementor\/thumbs\/dots-qc96nz9x6huhv7cp7z782hgpp2khdyw6r76jvhcxbs.png\" title=\"dots.png\" alt=\"dots.png\" loading=\"lazy\" \/>\t\t\t\t\t\t\t\t\t\t\t\t\t\t\t<\/div>\n\t\t\t\t<\/div>\n\t\t\t\t\t<\/div>\n\t\t<\/div>\n\t\t\t\t\t<\/div>\n\t\t<\/section>\n\t\t\t\t<\/div>\n\t\t","protected":false},"excerpt":{"rendered":"<p>Sj\u00e1lfsinnritun Vi\u00f0 bj\u00f3\u00f0um upp \u00e1 b\u00fana\u00f0 sem tryggir einf\u00f6ld og snertilaus samskipti \u00e1 milli gesta og gistista\u00f0a. B\u00fana\u00f0urinn tengist gestam\u00f3tt\u00f6ku og dyral\u00e6singum til a\u00f0 au\u00f0velda flj\u00f3tlega og \u00f6rugga innritun. \u00a0H\u00e6gt er a\u00f0 ganga fr\u00e1 \u00f6llu innritunarferlinu \u00ed gegnum s\u00edmann og \u00fea\u00f0 sparar t\u00edma og fyrirh\u00f6fn fyrir gesti og gistista\u00f0i. MEIRI UPPL\u00ddSINGAR<\/p>\n","protected":false},"author":1,"featured_media":0,"parent":0,"menu_order":0,"comment_status":"closed","ping_status":"closed","template":"elementor_header_footer","meta":{"footnotes":""},"_links":{"self":[{"href":"https:\/\/autoguest.is\/index.php?rest_route=\/wp\/v2\/pages\/110"}],"collection":[{"href":"https:\/\/autoguest.is\/index.php?rest_route=\/wp\/v2\/pages"}],"about":[{"href":"https:\/\/autoguest.is\/index.php?rest_route=\/wp\/v2\/types\/page"}],"author":[{"embeddable":true,"href":"https:\/\/autoguest.is\/index.php?rest_route=\/wp\/v2\/users\/1"}],"replies":[{"embeddable":true,"href":"https:\/\/autoguest.is\/index.php?rest_route=%2Fwp%2Fv2%2Fcomments&post=110"}],"version-history":[{"count":33,"href":"https:\/\/autoguest.is\/index.php?rest_route=\/wp\/v2\/pages\/110\/revisions"}],"predecessor-version":[{"id":324,"href":"https:\/\/autoguest.is\/index.php?rest_route=\/wp\/v2\/pages\/110\/revisions\/324"}],"wp:attachment":[{"href":"https:\/\/autoguest.is\/index.php?rest_route=%2Fwp%2Fv2%2Fmedia&parent=110"}],"curies":[{"name":"wp","href":"https:\/\/api.w.org\/{rel}","templated":true}]}}